{"id":2238,"date":"2020-10-06T17:40:33","date_gmt":"2020-10-06T17:40:33","guid":{"rendered":"https:\/\/squash.ee\/edetabelid"},"modified":"2021-02-17T17:18:24","modified_gmt":"2021-02-17T15:18:24","slug":"rankings","status":"publish","type":"page","link":"https:\/\/squash.ee\/en\/rankings\/","title":{"rendered":"Rankings"},"content":{"rendered":"<div class=\"wpb-content-wrapper\"><p>[vc_row el_class=&#8221;table-block&#8221;][vc_column][vc_tta_tabs shape=&#8221;square&#8221; active_section=&#8221;1&#8243;][vc_tta_section title=&#8221;M-league-rating&#8221; tab_id=&#8221;m-liiga-reiting&#8221;][vc_column_text]<\/p>\n<h2>N-league-rating<\/h2>\n<p>[\/vc_column_text][\/vc_tta_section][vc_tta_section title=&#8221;F-league-rating&#8221; tab_id=&#8221;n-liiga&#8221;][vc_column_text]<\/p>\n<h2>F-league-rating<\/h2>\n<p>[\/vc_column_text][\/vc_tta_section][vc_tta_section title=&#8221;PAF Amature KV&#8221; tab_id=&#8221;paf-Harrastajate-kv&#8221;][vc_column_text]<\/p>\n<h2>PAF Amature KV<\/h2>\n<p>[\/vc_column_text][\/vc_tta_section][vc_tta_section title=&#8221;PAF Seniors KV&#8221; tab_id=&#8221;1613427951006-699312b3-a469&#8243;][vc_column_text]<\/p>\n<h2>PAF Seniors KV<\/h2>\n<p>[\/vc_column_text][\/vc_tta_section][\/vc_tta_tabs][\/vc_column][\/vc_row][vc_row][vc_column width=&#8221;2\/3&#8243;][vc_column_text]<\/p>\n<h2>2020\/2021 SEASONAL REGULATIONS<\/h2>\n<p>The EsqF ranking table is accessible to players who have an ESqF player\u2019s license and participate in ESqF league tournaments. The ranking table determines the players who won the Estonian championship \u2013 32 for men and 16 for women.<\/p>\n<p>2020\/21 hooaja (sept &#8211; mai) \u00a0jooskul toimub meeste liigas (M-liiga) 6 turniiri; naiste liigas (N-liiga) 4 turniiiri + EMV.<\/p>\n<p>M- ja \u00a0N-liiga reiting kujuneb jooksvalt turniirile eelnenud 365 p\u00e4eva jooksul parima nelja turniiri keskmise punktisumma p\u00f5hjal. Kui M\u00e4ngijal on tulemusi v\u00e4hem kui neljalt turniirilt, jagatakse saadud punktid neljaga.<\/p>\n<p><strong>Eelmise hooaja <\/strong>Turniiri punktid aeguvad peale k\u00e4esoleva hooaja vastava etapi toimumist (eelmise hooaja esimese etapi punktid aeguvad p\u00e4rast esimest etappi jne).<strong>\u00a0\u00a0<\/strong><\/p>\n<p class=\"contractclause\"><strong>Harrastajate karikav\u00f5istlus<\/strong><\/p>\n<p class=\"contractclause\">Harrastajatele on kuuest osav\u00f5istlusest koosnev karikav\u00f5istlus, millest arvesse l\u00e4heb 5 paremat tulemust ning mille tulemusena selgub hooaja l\u00f5pus karikav\u00f5itja. Harrastajate KV osalejad ei pea omama ESqF m\u00e4ngija litsentsi. \u00a0Karikav\u00f5istlusel ei saa osaleda EsqF reitingutabeli 32 esimest m\u00e4ngijat. Edetabel moodustub sarnaselt M- ja N-liigale.<\/p>\n<p class=\"contractclause\"><strong>Seenioride karikav\u00f5istlus<\/strong><\/p>\n<p class=\"contractclause\">Seenioridele on neljast osav\u00f5istlusest koosnev karikav\u00f5istlus, millest arvesse l\u00e4heb 3 paremat tulemust ning mille tulemusena selgub hooaja l\u00f5pus karikav\u00f5itja. Seenioride KV osalejad ei pea omama ESqF m\u00e4ngija litsentsi. Karikav\u00f5istlusest v\u00f5ib osa v\u00f5tta m\u00e4ngija alates 40ndast eluaastast. Edetabel moodustub sarnaselt M- ja N-liigale.<\/p>\n<p>[\/vc_column_text][\/vc_column][vc_column width=&#8221;1\/3&#8243;][\/vc_column][\/vc_row]<\/p>\n<\/div>","protected":false},"excerpt":{"rendered":"<p>[vc_row el_class=&#8221;table-block&#8221;][vc_column][vc_tta_tabs shape=&#8221;square&#8221; active_section=&#8221;1&#8243;][vc_tta_section title=&#8221;M-league-rating&#8221; tab_id=&#8221;m-liiga-reiting&#8221;][vc_column_text] N-league-rating [\/vc_column_text][\/vc_tta_section][vc_tta_section title=&#8221;F-league-rating&#8221; tab_id=&#8221;n-liiga&#8221;][vc_column_text] F-league-rating [\/vc_column_text][\/vc_tta_section][vc_tta_section title=&#8221;PAF Amature KV&#8221; tab_id=&#8221;paf-Harrastajate-kv&#8221;][vc_column_text] PAF Amature KV [\/vc_column_text][\/vc_tta_section][vc_tta_section title=&#8221;PAF Seniors KV&#8221; tab_id=&#8221;1613427951006-699312b3-a469&#8243;][vc_column_text] PAF Seniors KV [\/vc_column_text][\/vc_tta_section][\/vc_tta_tabs][\/vc_column][\/vc_row][vc_row][vc_column width=&#8221;2\/3&#8243;][vc_column_text] 2020\/2021&hellip;<\/p>\n","protected":false},"author":1,"featured_media":0,"parent":0,"menu_order":0,"comment_status":"closed","ping_status":"closed","template":"","meta":[],"class_list":["post-2238","page","type-page","status-publish","hentry","description-off"],"yoast_head":"<!-- This site is optimized with the Yoast SEO plugin v24.7 - https:\/\/yoast.com\/wordpress\/plugins\/seo\/ -->\n<title>Rankings | Squash Eesti<\/title>\n<meta name=\"robots\" content=\"index, follow, max-snippet:-1, max-image-preview:large, max-video-preview:-1\" \/>\n<link rel=\"canonical\" href=\"https:\/\/squash.ee\/en\/rankings\/\" \/>\n<meta property=\"og:locale\" content=\"en_US\" \/>\n<meta property=\"og:type\" content=\"article\" \/>\n<meta property=\"og:title\" content=\"Rankings | Squash Eesti\" \/>\n<meta property=\"og:description\" content=\"[vc_row el_class=&#8221;table-block&#8221;][vc_column][vc_tta_tabs shape=&#8221;square&#8221; active_section=&#8221;1&#8243;][vc_tta_section title=&#8221;M-league-rating&#8221; tab_id=&#8221;m-liiga-reiting&#8221;][vc_column_text] N-league-rating [\/vc_column_text][\/vc_tta_section][vc_tta_section title=&#8221;F-league-rating&#8221; tab_id=&#8221;n-liiga&#8221;][vc_column_text] F-league-rating [\/vc_column_text][\/vc_tta_section][vc_tta_section title=&#8221;PAF Amature KV&#8221; tab_id=&#8221;paf-Harrastajate-kv&#8221;][vc_column_text] PAF Amature KV [\/vc_column_text][\/vc_tta_section][vc_tta_section title=&#8221;PAF Seniors KV&#8221; tab_id=&#8221;1613427951006-699312b3-a469&#8243;][vc_column_text] PAF Seniors KV [\/vc_column_text][\/vc_tta_section][\/vc_tta_tabs][\/vc_column][\/vc_row][vc_row][vc_column width=&#8221;2\/3&#8243;][vc_column_text] 2020\/2021&hellip;\" \/>\n<meta property=\"og:url\" content=\"https:\/\/squash.ee\/en\/rankings\/\" \/>\n<meta property=\"og:site_name\" content=\"Squash Eesti\" \/>\n<meta property=\"article:publisher\" content=\"https:\/\/www.facebook.com\/EestiSquash\/\" \/>\n<meta property=\"article:modified_time\" content=\"2021-02-17T15:18:24+00:00\" \/>\n<meta property=\"og:image\" content=\"https:\/\/squash.ee\/wp-content\/uploads\/2020\/10\/Squash.ee-min.jpg\" \/>\n\t<meta property=\"og:image:width\" content=\"1263\" \/>\n\t<meta property=\"og:image:height\" content=\"603\" \/>\n\t<meta property=\"og:image:type\" content=\"image\/jpeg\" \/>\n<meta name=\"twitter:card\" content=\"summary_large_image\" \/>\n<meta name=\"twitter:label1\" content=\"Est. reading time\" \/>\n\t<meta name=\"twitter:data1\" content=\"2 minutes\" \/>\n<script type=\"application\/ld+json\" class=\"yoast-schema-graph\">{\"@context\":\"https:\/\/schema.org\",\"@graph\":[{\"@type\":\"WebPage\",\"@id\":\"https:\/\/squash.ee\/en\/rankings\/\",\"url\":\"https:\/\/squash.ee\/en\/rankings\/\",\"name\":\"Rankings | Squash Eesti\",\"isPartOf\":{\"@id\":\"https:\/\/squash.ee\/#website\"},\"datePublished\":\"2020-10-06T17:40:33+00:00\",\"dateModified\":\"2021-02-17T15:18:24+00:00\",\"breadcrumb\":{\"@id\":\"https:\/\/squash.ee\/en\/rankings\/#breadcrumb\"},\"inLanguage\":\"en-US\",\"potentialAction\":[{\"@type\":\"ReadAction\",\"target\":[\"https:\/\/squash.ee\/en\/rankings\/\"]}]},{\"@type\":\"BreadcrumbList\",\"@id\":\"https:\/\/squash.ee\/en\/rankings\/#breadcrumb\",\"itemListElement\":[{\"@type\":\"ListItem\",\"position\":1,\"name\":\"Home\",\"item\":\"https:\/\/squash.ee\/en\/\"},{\"@type\":\"ListItem\",\"position\":2,\"name\":\"Rankings\"}]},{\"@type\":\"WebSite\",\"@id\":\"https:\/\/squash.ee\/#website\",\"url\":\"https:\/\/squash.ee\/\",\"name\":\"Squash Eesti\",\"description\":\"Eesti Squashif&ouml;deratsioon\",\"publisher\":{\"@id\":\"https:\/\/squash.ee\/#organization\"},\"potentialAction\":[{\"@type\":\"SearchAction\",\"target\":{\"@type\":\"EntryPoint\",\"urlTemplate\":\"https:\/\/squash.ee\/?s={search_term_string}\"},\"query-input\":{\"@type\":\"PropertyValueSpecification\",\"valueRequired\":true,\"valueName\":\"search_term_string\"}}],\"inLanguage\":\"en-US\"},{\"@type\":\"Organization\",\"@id\":\"https:\/\/squash.ee\/#organization\",\"name\":\"Eesti Squashif\u00f6deratsioon\",\"url\":\"https:\/\/squash.ee\/\",\"logo\":{\"@type\":\"ImageObject\",\"inLanguage\":\"en-US\",\"@id\":\"https:\/\/squash.ee\/#\/schema\/logo\/image\/\",\"url\":\"https:\/\/squash.ee\/wp-content\/uploads\/2020\/10\/Squash-logo-1.png\",\"contentUrl\":\"https:\/\/squash.ee\/wp-content\/uploads\/2020\/10\/Squash-logo-1.png\",\"width\":294,\"height\":99,\"caption\":\"Eesti Squashif\u00f6deratsioon\"},\"image\":{\"@id\":\"https:\/\/squash.ee\/#\/schema\/logo\/image\/\"},\"sameAs\":[\"https:\/\/www.facebook.com\/EestiSquash\/\",\"https:\/\/www.instagram.com\/p\/BqexGMAAAQ2\/\"]}]}<\/script>\n<!-- \/ Yoast SEO plugin. -->","yoast_head_json":{"title":"Rankings | Squash Eesti","robots":{"index":"index","follow":"follow","max-snippet":"max-snippet:-1","max-image-preview":"max-image-preview:large","max-video-preview":"max-video-preview:-1"},"canonical":"https:\/\/squash.ee\/en\/rankings\/","og_locale":"en_US","og_type":"article","og_title":"Rankings | Squash Eesti","og_description":"[vc_row el_class=&#8221;table-block&#8221;][vc_column][vc_tta_tabs shape=&#8221;square&#8221; active_section=&#8221;1&#8243;][vc_tta_section title=&#8221;M-league-rating&#8221; tab_id=&#8221;m-liiga-reiting&#8221;][vc_column_text] N-league-rating [\/vc_column_text][\/vc_tta_section][vc_tta_section title=&#8221;F-league-rating&#8221; tab_id=&#8221;n-liiga&#8221;][vc_column_text] F-league-rating [\/vc_column_text][\/vc_tta_section][vc_tta_section title=&#8221;PAF Amature KV&#8221; tab_id=&#8221;paf-Harrastajate-kv&#8221;][vc_column_text] PAF Amature KV [\/vc_column_text][\/vc_tta_section][vc_tta_section title=&#8221;PAF Seniors KV&#8221; tab_id=&#8221;1613427951006-699312b3-a469&#8243;][vc_column_text] PAF Seniors KV [\/vc_column_text][\/vc_tta_section][\/vc_tta_tabs][\/vc_column][\/vc_row][vc_row][vc_column width=&#8221;2\/3&#8243;][vc_column_text] 2020\/2021&hellip;","og_url":"https:\/\/squash.ee\/en\/rankings\/","og_site_name":"Squash Eesti","article_publisher":"https:\/\/www.facebook.com\/EestiSquash\/","article_modified_time":"2021-02-17T15:18:24+00:00","og_image":[{"width":1263,"height":603,"url":"https:\/\/squash.ee\/wp-content\/uploads\/2020\/10\/Squash.ee-min.jpg","type":"image\/jpeg"}],"twitter_card":"summary_large_image","twitter_misc":{"Est. reading time":"2 minutes"},"schema":{"@context":"https:\/\/schema.org","@graph":[{"@type":"WebPage","@id":"https:\/\/squash.ee\/en\/rankings\/","url":"https:\/\/squash.ee\/en\/rankings\/","name":"Rankings | Squash Eesti","isPartOf":{"@id":"https:\/\/squash.ee\/#website"},"datePublished":"2020-10-06T17:40:33+00:00","dateModified":"2021-02-17T15:18:24+00:00","breadcrumb":{"@id":"https:\/\/squash.ee\/en\/rankings\/#breadcrumb"},"inLanguage":"en-US","potentialAction":[{"@type":"ReadAction","target":["https:\/\/squash.ee\/en\/rankings\/"]}]},{"@type":"BreadcrumbList","@id":"https:\/\/squash.ee\/en\/rankings\/#breadcrumb","itemListElement":[{"@type":"ListItem","position":1,"name":"Home","item":"https:\/\/squash.ee\/en\/"},{"@type":"ListItem","position":2,"name":"Rankings"}]},{"@type":"WebSite","@id":"https:\/\/squash.ee\/#website","url":"https:\/\/squash.ee\/","name":"Squash Eesti","description":"Eesti Squashif&ouml;deratsioon","publisher":{"@id":"https:\/\/squash.ee\/#organization"},"potentialAction":[{"@type":"SearchAction","target":{"@type":"EntryPoint","urlTemplate":"https:\/\/squash.ee\/?s={search_term_string}"},"query-input":{"@type":"PropertyValueSpecification","valueRequired":true,"valueName":"search_term_string"}}],"inLanguage":"en-US"},{"@type":"Organization","@id":"https:\/\/squash.ee\/#organization","name":"Eesti Squashif\u00f6deratsioon","url":"https:\/\/squash.ee\/","logo":{"@type":"ImageObject","inLanguage":"en-US","@id":"https:\/\/squash.ee\/#\/schema\/logo\/image\/","url":"https:\/\/squash.ee\/wp-content\/uploads\/2020\/10\/Squash-logo-1.png","contentUrl":"https:\/\/squash.ee\/wp-content\/uploads\/2020\/10\/Squash-logo-1.png","width":294,"height":99,"caption":"Eesti Squashif\u00f6deratsioon"},"image":{"@id":"https:\/\/squash.ee\/#\/schema\/logo\/image\/"},"sameAs":["https:\/\/www.facebook.com\/EestiSquash\/","https:\/\/www.instagram.com\/p\/BqexGMAAAQ2\/"]}]}},"_links":{"self":[{"href":"https:\/\/squash.ee\/en\/wp-json\/wp\/v2\/pages\/2238","targetHints":{"allow":["GET"]}}],"collection":[{"href":"https:\/\/squash.ee\/en\/wp-json\/wp\/v2\/pages"}],"about":[{"href":"https:\/\/squash.ee\/en\/wp-json\/wp\/v2\/types\/page"}],"author":[{"embeddable":true,"href":"https:\/\/squash.ee\/en\/wp-json\/wp\/v2\/users\/1"}],"replies":[{"embeddable":true,"href":"https:\/\/squash.ee\/en\/wp-json\/wp\/v2\/comments?post=2238"}],"version-history":[{"count":7,"href":"https:\/\/squash.ee\/en\/wp-json\/wp\/v2\/pages\/2238\/revisions"}],"predecessor-version":[{"id":3417,"href":"https:\/\/squash.ee\/en\/wp-json\/wp\/v2\/pages\/2238\/revisions\/3417"}],"wp:attachment":[{"href":"https:\/\/squash.ee\/en\/wp-json\/wp\/v2\/media?parent=2238"}],"curies":[{"name":"wp","href":"https:\/\/api.w.org\/{rel}","templated":true}]}}